{"id":297,"date":"2022-06-07T01:29:39","date_gmt":"2022-06-07T01:29:39","guid":{"rendered":"https:\/\/modtour.travelerwp.com\/?page_id=297"},"modified":"2025-08-07T12:45:34","modified_gmt":"2025-08-07T12:45:34","slug":"about","status":"publish","type":"page","link":"https:\/\/first-class-travel.net\/de\/about\/","title":{"rendered":"\u00dcber uns"},"content":{"rendered":"<div data-elementor-type=\"wp-page\" data-elementor-id=\"297\" class=\"elementor elementor-297\" data-elementor-post-type=\"page\">\n\t\t\t\t\t\t<section class=\"elementor-section elementor-top-section elementor-element elementor-element-d068c9f elementor-section-boxed elementor-section-height-default elementor-section-height-default\" data-id=\"d068c9f\" data-element_type=\"section\">\n\t\t\t\t\t\t<div class=\"elementor-container elementor-column-gap-default\">\n\t\t\t\t\t<div data-dce-background-image-url=\"https:\/\/task.fmarkets.co\/fctravel\/wp-content\/uploads\/2024\/08\/23423-1536x1536.png\" class=\"elementor-column elementor-col-100 elementor-top-column elementor-element elementor-element-5ddf38e8\" data-id=\"5ddf38e8\" data-element_type=\"column\" data-settings=\"{&quot;background_background&quot;:&quot;classic&quot;}\">\n\t\t\t<div class=\"elementor-widget-wrap elementor-element-populated\">\n\t\t\t\t\t\t<div class=\"elementor-element elementor-element-04b348f elementor-widget elementor-widget-spacer\" data-id=\"04b348f\" data-element_type=\"widget\" data-widget_type=\"spacer.default\">\n\t\t\t\t<div class=\"elementor-widget-container\">\n\t\t\t\t\t\t\t<div class=\"elementor-spacer\">\n\t\t\t<div class=\"elementor-spacer-inner\"><\/div>\n\t\t<\/div>\n\t\t\t\t\t\t<\/div>\n\t\t\t\t<\/div>\n\t\t\t\t\t<\/div>\n\t\t<\/div>\n\t\t\t\t\t<\/div>\n\t\t<\/section>\n\t\t\t\t<section class=\"elementor-section elementor-top-section elementor-element elementor-element-54fd89e9 elementor-section-boxed elementor-section-height-default elementor-section-height-default\" data-id=\"54fd89e9\" data-element_type=\"section\">\n\t\t\t\t\t\t<div class=\"elementor-container elementor-column-gap-default\">\n\t\t\t\t\t<div class=\"elementor-column elementor-col-100 elementor-top-column elementor-element elementor-element-31a8b999\" data-id=\"31a8b999\" data-element_type=\"column\">\n\t\t\t<div class=\"elementor-widget-wrap elementor-element-populated\">\n\t\t\t\t\t\t<div class=\"elementor-element elementor-element-458f1303 elementor-widget elementor-widget-heading\" data-id=\"458f1303\" data-element_type=\"widget\" data-widget_type=\"heading.default\">\n\t\t\t\t<div class=\"elementor-widget-container\">\n\t\t\t\t\t<h2 class=\"elementor-heading-title elementor-size-default\">\u00dcber das Unternehmen<\/h2>\t\t\t\t<\/div>\n\t\t\t\t<\/div>\n\t\t\t\t<div class=\"elementor-element elementor-element-9ce80cd elementor-widget elementor-widget-text-editor\" data-id=\"9ce80cd\" data-element_type=\"widget\" data-widget_type=\"text-editor.default\">\n\t\t\t\t<div class=\"elementor-widget-container\">\n\t\t\t\t\t\t\t\t\t<p data-start=\"73\" data-end=\"430\"><strong data-start=\"73\" data-end=\"95\">First Class Travel<\/strong> ist eine renommierte Tourismusmarke, die au\u00dfergew\u00f6hnliche und unvergessliche Erlebnisse in \u00c4gypten und im Sultanat Oman bietet.<br data-start=\"218\" data-end=\"221\" \/>Wir sind spezialisiert auf die Gestaltung und Vermarktung kultureller und \u00f6kotouristischer Programme in Zusammenarbeit mit lizenzierten Reiseveranstaltern, um sicherzustellen, dass jede Reise den wahren Geist und das Wesen des Reiseziels widerspiegelt.<\/p><p data-start=\"432\" data-end=\"718\">Unser Ziel ist es, hochwertige touristische Dienstleistungen anzubieten, die auf Vertrauen, Komfort und Kundenzufriedenheit basieren.<br data-start=\"536\" data-end=\"539\" \/>Ob Sie das zeitlose Erbe \u00c4gyptens erkunden oder die atemberaubenden Naturlandschaften Omans genie\u00dfen \u2013 wir sind Ihr verl\u00e4sslicher Partner f\u00fcr bedeutungsvolle und einzigartige Reiseerlebnisse.<\/p>\t\t\t\t\t\t\t\t<\/div>\n\t\t\t\t<\/div>\n\t\t\t\t\t<\/div>\n\t\t<\/div>\n\t\t\t\t\t<\/div>\n\t\t<\/section>\n\t\t\t\t<section class=\"elementor-section elementor-top-section elementor-element elementor-element-ab6bb6e elementor-section-boxed elementor-section-height-default elementor-section-height-default\" data-id=\"ab6bb6e\" data-element_type=\"section\">\n\t\t\t\t\t\t<div class=\"elementor-container elementor-column-gap-default\">\n\t\t\t\t\t<div class=\"elementor-column elementor-col-50 elementor-top-column elementor-element elementor-element-2a1c1120\" data-id=\"2a1c1120\" data-element_type=\"column\">\n\t\t\t<div class=\"elementor-widget-wrap elementor-element-populated\">\n\t\t\t\t\t\t<div class=\"elementor-element elementor-element-40486a97 elementor-widget elementor-widget-heading\" data-id=\"40486a97\" data-element_type=\"widget\" data-widget_type=\"heading.default\">\n\t\t\t\t<div class=\"elementor-widget-container\">\n\t\t\t\t\t<h2 class=\"elementor-heading-title elementor-size-default\">Unsere Vision<\/h2>\t\t\t\t<\/div>\n\t\t\t\t<\/div>\n\t\t\t\t<div class=\"elementor-element elementor-element-b2b2494 elementor-widget elementor-widget-heading\" data-id=\"b2b2494\" data-element_type=\"widget\" data-widget_type=\"heading.default\">\n\t\t\t\t<div class=\"elementor-widget-container\">\n\t\t\t\t\t<h2 class=\"elementor-heading-title elementor-size-default\">Bei First Class Travel stellen wir uns eine Welt vor, in der Reisen Menschen \u00fcber Kulturen hinweg miteinander verbindet.\n.<br>Unser Ziel ist es, weltweit zu expandieren, ohne das zu verlieren, was uns besonders macht: Exzellenz, Authentizit\u00e4t und unvergessliche Erlebnisse.<br>Wir m\u00f6chten ein weltweit vertrauensvoller Name werden \u2013 ein Synonym f\u00fcr h\u00f6chste Qualit\u00e4t und Reisen mit Herz<\/h2>\t\t\t\t<\/div>\n\t\t\t\t<\/div>\n\t\t\t\t\t<\/div>\n\t\t<\/div>\n\t\t\t\t<div class=\"elementor-column elementor-col-50 elementor-top-column elementor-element elementor-element-1647dad5\" data-id=\"1647dad5\" data-element_type=\"column\">\n\t\t\t<div class=\"elementor-widget-wrap elementor-element-populated\">\n\t\t\t\t\t\t<div class=\"elementor-element elementor-element-659789eb elementor-widget elementor-widget-heading\" data-id=\"659789eb\" data-element_type=\"widget\" data-widget_type=\"heading.default\">\n\t\t\t\t<div class=\"elementor-widget-container\">\n\t\t\t\t\t<h2 class=\"elementor-heading-title elementor-size-default\">Unsere Mission<\/h2>\t\t\t\t<\/div>\n\t\t\t\t<\/div>\n\t\t\t\t<div class=\"elementor-element elementor-element-6cf58b81 elementor-widget elementor-widget-heading\" data-id=\"6cf58b81\" data-element_type=\"widget\" data-widget_type=\"heading.default\">\n\t\t\t\t<div class=\"elementor-widget-container\">\n\t\t\t\t\t<h2 class=\"elementor-heading-title elementor-size-default\">Bei First Class Travel glauben wir, dass Reisen eine kraftvolle Br\u00fccke zwischen Kulturen und Menschen ist.\nUnsere Mission ist es, jede Reise zu einer Gelegenheit zu machen, Vielfalt zu entdecken und gegenseitigen Respekt zu f\u00f6rdern.\nWir gestalten Erlebnisse, die das Herz ber\u00fchren und unvergessliche Erinnerungen schaffen \u2013 inspiriert von unserem Leitspruch:\n\u201eFirst Class Travel \u2013 Mehr als eine Reise.\u201c\n\n<\/h2>\t\t\t\t<\/div>\n\t\t\t\t<\/div>\n\t\t\t\t\t<\/div>\n\t\t<\/div>\n\t\t\t\t\t<\/div>\n\t\t<\/section>\n\t\t\t\t<\/div>","protected":false},"excerpt":{"rendered":"<p>About the company First Class Travel is a distinguished tourism brand that offers exceptional and unforgettable experiences in Egypt and the Sultanate of Oman.We specialize in designing and promoting cultural and eco-tourism programs in collaboration with licensed travel companies, ensuring that every journey reflects the true spirit and essence of each destination. We aim to [&hellip;]<\/p>","protected":false},"author":1,"featured_media":0,"parent":0,"menu_order":0,"comment_status":"closed","ping_status":"closed","template":"template-blank.php","meta":{"_acf_changed":false,"footnotes":""},"page-tag":[],"class_list":["post-297","page","type-page","status-publish","has-post-thumbnail","hentry"],"acf":[],"_links":{"self":[{"href":"https:\/\/first-class-travel.net\/de\/wp-json\/wp\/v2\/pages\/297","targetHints":{"allow":["GET"]}}],"collection":[{"href":"https:\/\/first-class-travel.net\/de\/wp-json\/wp\/v2\/pages"}],"about":[{"href":"https:\/\/first-class-travel.net\/de\/wp-json\/wp\/v2\/types\/page"}],"author":[{"embeddable":true,"href":"https:\/\/first-class-travel.net\/de\/wp-json\/wp\/v2\/users\/1"}],"replies":[{"embeddable":true,"href":"https:\/\/first-class-travel.net\/de\/wp-json\/wp\/v2\/comments?post=297"}],"version-history":[{"count":15,"href":"https:\/\/first-class-travel.net\/de\/wp-json\/wp\/v2\/pages\/297\/revisions"}],"predecessor-version":[{"id":12528,"href":"https:\/\/first-class-travel.net\/de\/wp-json\/wp\/v2\/pages\/297\/revisions\/12528"}],"wp:attachment":[{"href":"https:\/\/first-class-travel.net\/de\/wp-json\/wp\/v2\/media?parent=297"}],"wp:term":[{"taxonomy":"page-tag","embeddable":true,"href":"https:\/\/first-class-travel.net\/de\/wp-json\/wp\/v2\/page-tag?post=297"}],"curies":[{"name":"wp","href":"https:\/\/api.w.org\/{rel}","templated":true}]}}