{"id":12969,"date":"2025-09-14T17:24:10","date_gmt":"2025-09-14T17:24:10","guid":{"rendered":"https:\/\/first-class-travel.net\/product\/visit-the-city-of-alexandria-catacombs-the-pompys-pillar-the-roman-theatre-the-qitbay-castel-from-outside-the-biblioteca-alexandrina-and-lunch\/"},"modified":"2025-09-14T17:24:10","modified_gmt":"2025-09-14T17:24:10","slug":"visit-the-city-of-alexandria-catacombs-the-pompys-pillar-the-roman-theatre-the-qitbay-castel-from-outside-the-biblioteca-alexandrina-and-lunch","status":"publish","type":"product","link":"https:\/\/first-class-travel.net\/de\/produkt\/visit-the-city-of-alexandria-catacombs-the-pompys-pillar-the-roman-theatre-the-qitbay-castel-from-outside-the-biblioteca-alexandrina-and-lunch\/","title":{"rendered":"Besuchen Sie die Stadt Alexandria mit den Katakomben von Kom El Shoqafa, der Pompejuss\u00e4ule, dem r\u00f6mischen Theater, der Qaitbay-Zitadelle (Au\u00dfenbesichtigung), der Bibliotheca Alexandrina sowie einem Mittagessen."},"content":{"rendered":"","protected":false},"excerpt":{"rendered":"","protected":false},"featured_media":0,"comment_status":"closed","ping_status":"closed","template":"","meta":{"_acf_changed":false},"product_brand":[],"product_cat":[],"product_tag":[],"class_list":{"0":"post-12969","1":"product","2":"type-product","3":"status-publish","4":"has-post-thumbnail","7":"first","8":"instock","9":"sold-individually","10":"shipping-taxable","11":"purchasable","12":"product-type-variable"},"acf":[],"_links":{"self":[{"href":"https:\/\/first-class-travel.net\/de\/wp-json\/wp\/v2\/product\/12969","targetHints":{"allow":["GET"]}}],"collection":[{"href":"https:\/\/first-class-travel.net\/de\/wp-json\/wp\/v2\/product"}],"about":[{"href":"https:\/\/first-class-travel.net\/de\/wp-json\/wp\/v2\/types\/product"}],"replies":[{"embeddable":true,"href":"https:\/\/first-class-travel.net\/de\/wp-json\/wp\/v2\/comments?post=12969"}],"wp:attachment":[{"href":"https:\/\/first-class-travel.net\/de\/wp-json\/wp\/v2\/media?parent=12969"}],"wp:term":[{"taxonomy":"product_brand","embeddable":true,"href":"https:\/\/first-class-travel.net\/de\/wp-json\/wp\/v2\/product_brand?post=12969"},{"taxonomy":"product_cat","embeddable":true,"href":"https:\/\/first-class-travel.net\/de\/wp-json\/wp\/v2\/product_cat?post=12969"},{"taxonomy":"product_tag","embeddable":true,"href":"https:\/\/first-class-travel.net\/de\/wp-json\/wp\/v2\/product_tag?post=12969"}],"curies":[{"name":"wp","href":"https:\/\/api.w.org\/{rel}","templated":true}]}}